{"id":2553,"date":"2025-12-03T16:54:56","date_gmt":"2025-12-03T14:54:56","guid":{"rendered":"https:\/\/casino-site-amp126.top\/?page_id=2553"},"modified":"2025-12-03T18:20:37","modified_gmt":"2025-12-03T16:20:37","slug":"allgemeine-geschaeftsbedingungen","status":"publish","type":"page","link":"https:\/\/casino-site-amp126.top\/allgemeine-geschaeftsbedingungen\/","title":{"rendered":"Allgemeine Gesch\u00e4ftsbedingungen"},"content":{"rendered":"<h1>Allgemeine Gesch\u00e4ftsbedingungen<\/h1>\n<h2>Allgemeine Gesch\u00e4ftsbedingungen von Dolly Casino Deutschland<\/h2>\n<p>Willkommen bei Dolly Casino DE. Indem Sie unsere Dienste nutzen, erkl\u00e4ren Sie sich mit den folgenden Allgemeinen Gesch\u00e4ftsbedingungen einverstanden. Diese Bedingungen regeln die Nutzung unserer Webseite und der angebotenen Dienstleistungen. Bitte lesen Sie diese sorgf\u00e4ltig, da sie wichtige Informationen zu Ihren Rechten und Pflichten enthalten.<\/p>\n<h2>Registrierung und Nutzung:<\/h2>\n<p>Um bei Dolly Casino zu spielen, m\u00fcssen Sie ein Konto erstellen. Sie m\u00fcssen wahrheitsgem\u00e4\u00dfe Angaben machen und sind f\u00fcr die Sicherheit Ihrer Kontodaten verantwortlich. Jede missbr\u00e4uchliche Nutzung Ihres Kontos kann zur Sperrung f\u00fchren.<\/p>\n<h2>Spiel- und Wettbedingungen:<\/h2>\n<p>Das Spielen auf unserer Plattform ist nur f\u00fcr Personen ab 18 Jahren erlaubt. Alle Wetten und Spiele m\u00fcssen gem\u00e4\u00df den festgelegten Regeln und Richtlinien durchgef\u00fchrt werden. Jede Form von Betrug oder Manipulation wird strikt verfolgt.<\/p>\n<h2>Zahlungen und Boni:<\/h2>\n<p>Einzahlungen m\u00fcssen \u00fcber die akzeptierten Zahlungsmethoden erfolgen. Gewinne aus Boni unterliegen bestimmten Wettanforderungen. Weitere Details dazu finden Sie in unseren Bonusbedingungen.<\/p>\n<h2>Haftungsausschluss:<\/h2>\n<p>Dolly Casino DE \u00fcbernimmt keine Haftung f\u00fcr technische St\u00f6rungen, Fehler oder Verz\u00f6gerungen. Wir sind nicht verantwortlich f\u00fcr Verluste oder Sch\u00e4den, die durch die Nutzung der Plattform entstehen.<\/p>\n<h2>Kontok\u00fcndigung:<\/h2>\n<p>Wir behalten uns das Recht vor, Konten zu sperren oder zu k\u00fcndigen, die gegen diese Allgemeinen Gesch\u00e4ftsbedingungen versto\u00dfen. Spieler k\u00f6nnen ihr Konto jederzeit selbst k\u00fcndigen.<\/p>\n","protected":false},"excerpt":{"rendered":"<p>Allgemeine Gesch\u00e4ftsbedingungen Allgemeine Gesch\u00e4ftsbedingungen von Dolly Casino Deutschland Willkommen bei Dolly Casino DE. Indem Sie unsere Dienste nutzen, erkl\u00e4ren Sie sich mit den folgenden Allgemeinen Gesch\u00e4ftsbedingungen einverstanden. Diese Bedingungen regeln die Nutzung unserer Webseite und der angebotenen Dienstleistungen. Bitte lesen Sie diese sorgf\u00e4ltig, da sie wichtige Informationen zu Ihren Rechten und Pflichten enthalten. Registrierung und [&hellip;]<\/p>\n","protected":false},"author":1,"featured_media":0,"parent":0,"menu_order":0,"comment_status":"closed","ping_status":"closed","template":"","meta":{"_acf_changed":false,"footnotes":""},"class_list":["post-2553","page","type-page","status-publish","hentry"],"acf":[],"yoast_head":"<!-- This site is optimized with the Yoast SEO plugin v27.1.1 - https:\/\/yoast.com\/product\/yoast-seo-wordpress\/ -->\n<title>Allgemeine Gesch\u00e4ftsbedingungen von Dolly Casino Deutschland<\/title>\n<meta name=\"description\" content=\"Lesen Sie die Allgemeinen Gesch\u00e4ftsbedingungen von Dolly Casino DE. Wichtige Informationen zu Registrierung, Zahlungen, Boni und sicheren Spielrichtlinien\" \/>\n<meta name=\"robots\" content=\"index, follow, max-snippet:-1, max-image-preview:large, max-video-preview:-1\" \/>\n<link rel=\"canonical\" href=\"https:\/\/casino-site-amp126.top\/allgemeine-geschaeftsbedingungen\/\" \/>\n<meta property=\"og:locale\" content=\"ru_RU\" \/>\n<meta property=\"og:type\" content=\"article\" \/>\n<meta property=\"og:title\" content=\"Allgemeine Gesch\u00e4ftsbedingungen von Dolly Casino Deutschland\" \/>\n<meta property=\"og:description\" content=\"Lesen Sie die Allgemeinen Gesch\u00e4ftsbedingungen von Dolly Casino DE. Wichtige Informationen zu Registrierung, Zahlungen, Boni und sicheren Spielrichtlinien\" \/>\n<meta property=\"og:url\" content=\"https:\/\/casino-site-amp126.top\/allgemeine-geschaeftsbedingungen\/\" \/>\n<meta property=\"og:site_name\" content=\"casino-site-amp126.top\" \/>\n<meta property=\"article:modified_time\" content=\"2025-12-03T16:20:37+00:00\" \/>\n<meta name=\"twitter:card\" content=\"summary_large_image\" \/>\n<meta name=\"twitter:label1\" content=\"\u041f\u0440\u0438\u043c\u0435\u0440\u043d\u043e\u0435 \u0432\u0440\u0435\u043c\u044f \u0434\u043b\u044f \u0447\u0442\u0435\u043d\u0438\u044f\" \/>\n\t<meta name=\"twitter:data1\" content=\"2 \u043c\u0438\u043d\u0443\u0442\u044b\" \/>\n<script type=\"application\/ld+json\" class=\"yoast-schema-graph\">{\"@context\":\"https:\/\/schema.org\",\"@graph\":[{\"@type\":\"WebPage\",\"@id\":\"https:\/\/casino-site-amp126.top\/allgemeine-geschaeftsbedingungen\/\",\"url\":\"https:\/\/casino-site-amp126.top\/allgemeine-geschaeftsbedingungen\/\",\"name\":\"Allgemeine Gesch\u00e4ftsbedingungen von Dolly Casino Deutschland\",\"isPartOf\":{\"@id\":\"https:\/\/casino-site-amp126.top\/#website\"},\"datePublished\":\"2025-12-03T14:54:56+00:00\",\"dateModified\":\"2025-12-03T16:20:37+00:00\",\"description\":\"Lesen Sie die Allgemeinen Gesch\u00e4ftsbedingungen von Dolly Casino DE. Wichtige Informationen zu Registrierung, Zahlungen, Boni und sicheren Spielrichtlinien\",\"breadcrumb\":{\"@id\":\"https:\/\/casino-site-amp126.top\/allgemeine-geschaeftsbedingungen\/#breadcrumb\"},\"inLanguage\":\"ru-RU\",\"potentialAction\":[{\"@type\":\"ReadAction\",\"target\":[\"https:\/\/casino-site-amp126.top\/allgemeine-geschaeftsbedingungen\/\"]}]},{\"@type\":\"BreadcrumbList\",\"@id\":\"https:\/\/casino-site-amp126.top\/allgemeine-geschaeftsbedingungen\/#breadcrumb\",\"itemListElement\":[{\"@type\":\"ListItem\",\"position\":1,\"name\":\"\u0413\u043b\u0430\u0432\u043d\u0430\u044f \u0441\u0442\u0440\u0430\u043d\u0438\u0446\u0430\",\"item\":\"https:\/\/casino-site-amp126.top\/\"},{\"@type\":\"ListItem\",\"position\":2,\"name\":\"Allgemeine Gesch\u00e4ftsbedingungen\"}]},{\"@type\":\"WebSite\",\"@id\":\"https:\/\/casino-site-amp126.top\/#website\",\"url\":\"https:\/\/casino-site-amp126.top\/\",\"name\":\"casino-site-amp126.top\",\"description\":\"\",\"potentialAction\":[{\"@type\":\"SearchAction\",\"target\":{\"@type\":\"EntryPoint\",\"urlTemplate\":\"https:\/\/casino-site-amp126.top\/?s={search_term_string}\"},\"query-input\":{\"@type\":\"PropertyValueSpecification\",\"valueRequired\":true,\"valueName\":\"search_term_string\"}}],\"inLanguage\":\"ru-RU\"}]}<\/script>\n<!-- \/ Yoast SEO plugin. -->","yoast_head_json":{"title":"Allgemeine Gesch\u00e4ftsbedingungen von Dolly Casino Deutschland","description":"Lesen Sie die Allgemeinen Gesch\u00e4ftsbedingungen von Dolly Casino DE. Wichtige Informationen zu Registrierung, Zahlungen, Boni und sicheren Spielrichtlinien","robots":{"index":"index","follow":"follow","max-snippet":"max-snippet:-1","max-image-preview":"max-image-preview:large","max-video-preview":"max-video-preview:-1"},"canonical":"https:\/\/casino-site-amp126.top\/allgemeine-geschaeftsbedingungen\/","og_locale":"ru_RU","og_type":"article","og_title":"Allgemeine Gesch\u00e4ftsbedingungen von Dolly Casino Deutschland","og_description":"Lesen Sie die Allgemeinen Gesch\u00e4ftsbedingungen von Dolly Casino DE. Wichtige Informationen zu Registrierung, Zahlungen, Boni und sicheren Spielrichtlinien","og_url":"https:\/\/casino-site-amp126.top\/allgemeine-geschaeftsbedingungen\/","og_site_name":"casino-site-amp126.top","article_modified_time":"2025-12-03T16:20:37+00:00","twitter_card":"summary_large_image","twitter_misc":{"\u041f\u0440\u0438\u043c\u0435\u0440\u043d\u043e\u0435 \u0432\u0440\u0435\u043c\u044f \u0434\u043b\u044f \u0447\u0442\u0435\u043d\u0438\u044f":"2 \u043c\u0438\u043d\u0443\u0442\u044b"},"schema":{"@context":"https:\/\/schema.org","@graph":[{"@type":"WebPage","@id":"https:\/\/casino-site-amp126.top\/allgemeine-geschaeftsbedingungen\/","url":"https:\/\/casino-site-amp126.top\/allgemeine-geschaeftsbedingungen\/","name":"Allgemeine Gesch\u00e4ftsbedingungen von Dolly Casino Deutschland","isPartOf":{"@id":"https:\/\/casino-site-amp126.top\/#website"},"datePublished":"2025-12-03T14:54:56+00:00","dateModified":"2025-12-03T16:20:37+00:00","description":"Lesen Sie die Allgemeinen Gesch\u00e4ftsbedingungen von Dolly Casino DE. Wichtige Informationen zu Registrierung, Zahlungen, Boni und sicheren Spielrichtlinien","breadcrumb":{"@id":"https:\/\/casino-site-amp126.top\/allgemeine-geschaeftsbedingungen\/#breadcrumb"},"inLanguage":"ru-RU","potentialAction":[{"@type":"ReadAction","target":["https:\/\/casino-site-amp126.top\/allgemeine-geschaeftsbedingungen\/"]}]},{"@type":"BreadcrumbList","@id":"https:\/\/casino-site-amp126.top\/allgemeine-geschaeftsbedingungen\/#breadcrumb","itemListElement":[{"@type":"ListItem","position":1,"name":"\u0413\u043b\u0430\u0432\u043d\u0430\u044f \u0441\u0442\u0440\u0430\u043d\u0438\u0446\u0430","item":"https:\/\/casino-site-amp126.top\/"},{"@type":"ListItem","position":2,"name":"Allgemeine Gesch\u00e4ftsbedingungen"}]},{"@type":"WebSite","@id":"https:\/\/casino-site-amp126.top\/#website","url":"https:\/\/casino-site-amp126.top\/","name":"casino-site-amp126.top","description":"","potentialAction":[{"@type":"SearchAction","target":{"@type":"EntryPoint","urlTemplate":"https:\/\/casino-site-amp126.top\/?s={search_term_string}"},"query-input":{"@type":"PropertyValueSpecification","valueRequired":true,"valueName":"search_term_string"}}],"inLanguage":"ru-RU"}]}},"amp_enabled":true,"_links":{"self":[{"href":"https:\/\/casino-site-amp126.top\/wp-json\/wp\/v2\/pages\/2553","targetHints":{"allow":["GET"]}}],"collection":[{"href":"https:\/\/casino-site-amp126.top\/wp-json\/wp\/v2\/pages"}],"about":[{"href":"https:\/\/casino-site-amp126.top\/wp-json\/wp\/v2\/types\/page"}],"author":[{"embeddable":true,"href":"https:\/\/casino-site-amp126.top\/wp-json\/wp\/v2\/users\/1"}],"replies":[{"embeddable":true,"href":"https:\/\/casino-site-amp126.top\/wp-json\/wp\/v2\/comments?post=2553"}],"version-history":[{"count":2,"href":"https:\/\/casino-site-amp126.top\/wp-json\/wp\/v2\/pages\/2553\/revisions"}],"predecessor-version":[{"id":2569,"href":"https:\/\/casino-site-amp126.top\/wp-json\/wp\/v2\/pages\/2553\/revisions\/2569"}],"wp:attachment":[{"href":"https:\/\/casino-site-amp126.top\/wp-json\/wp\/v2\/media?parent=2553"}],"curies":[{"name":"wp","href":"https:\/\/api.w.org\/{rel}","templated":true}]}}